{"id":1204,"date":"2022-09-26T17:19:54","date_gmt":"2022-09-26T15:19:54","guid":{"rendered":"https:\/\/happychien.fr\/privacybeleid\/"},"modified":"2025-07-23T09:18:27","modified_gmt":"2025-07-23T07:18:27","slug":"privacybeleid","status":"publish","type":"page","link":"https:\/\/happychien.fr\/nl\/privacybeleid\/","title":{"rendered":"Privacybeleid"},"content":{"rendered":"<p>[et_pb_section fb_built=&#8221;1&#8243; _builder_version=&#8221;4.16&#8243; global_colors_info=&#8221;{}&#8221;][et_pb_row _builder_version=&#8221;4.16&#8243; background_size=&#8221;initial&#8221; background_position=&#8221;top_left&#8221; background_repeat=&#8221;repeat&#8221; global_colors_info=&#8221;{}&#8221;][et_pb_column type=&#8221;4_4&#8243; _builder_version=&#8221;4.16&#8243; custom_padding=&#8221;|||&#8221; global_colors_info=&#8221;{}&#8221; custom_padding__hover=&#8221;|||&#8221;][et_pb_text _builder_version=&#8221;4.18.0&#8243; background_size=&#8221;initial&#8221; background_position=&#8221;top_left&#8221; background_repeat=&#8221;repeat&#8221; hover_enabled=&#8221;0&#8243; global_colors_info=&#8221;{}&#8221; sticky_enabled=&#8221;0&#8243;]<\/p>\n<p>\n\n<h1 class=\"entry-title main_title wp-block-heading\">Privacybeleid<\/h1>\n<div class=\"entry-content\">\n<h1>Verklaring gegevensbescherming<\/h1>\n<p>\u00a0<\/p>\n<h2>1. Waarom verwerken wij uw persoonlijke gegevens?<\/h2>\n<p>\u00a0<\/p>\n<h3>1.1. Verspreiding en verzameling van informatie en verwerking van dossiers<\/h3>\n<p>\u00a0<\/p>\n<h4>1.1.1 Vragen beantwoorden via het contactformulier<\/h4>\n<p>\u00a0<\/p>\n<p>Nous traitons ces donn\u00e9es \u00e0 caract\u00e8re personnel afin de garantir la s\u00e9curit\u00e9 (de l\u2019information) et le bon fonctionnement de notre organisation.<\/p>\n<p>\u00a0<\/p>\n<table>\n<tbody>\n<tr>\n<td width=\"170\"><strong>Quelles donn\u00e9es \u00e0 caract\u00e8re personnel ?<\/strong><\/td>\n<td width=\"151\"><strong>Comment avons-nous obtenu ces donn\u00e9es ?<\/strong><\/td>\n<td width=\"132\"><strong>Combien de temps ?<\/strong><\/td>\n<td width=\"151\"><strong>Avec qui ces donn\u00e9es sont-elles partag\u00e9es ?<\/strong><\/td>\n<\/tr>\n<tr>\n<td width=\"170\">Donn\u00e9es d\u2019identification, coordonn\u00e9es et donn\u00e9es concernant la question, les informations ou la commande<\/td>\n<td width=\"151\">Directement de la (des) personne(s) concern\u00e9e(s) OU indirectement d\u2019une ou de plusieurs autre(s) personne(s)<\/td>\n<td width=\"132\">3 ans apr\u00e8s le dernier contact<\/td>\n<td width=\"151\">Des sous-traitants qui s\u2019occupent de notre infrastructure ICT si leur intervention le n\u00e9cessite<\/td>\n<\/tr>\n<\/tbody>\n<\/table>\n<p>\u00a0<\/p>\n<p>Indirectement d\u2019une ou de plusieurs autre(s) personne(s)\u00a0: dans certains cas, nous recevons une demande concernant quelqu\u2019un d\u2019autre et cela signifie que nous pouvons donc disposer de donn\u00e9es \u00e0 caract\u00e8re personnel d\u2019une ou de plusieurs autre(s) personne(s).<\/p>\n<p>\u00a0<\/p>\n<h4>1.1.2. Een bestelling verwerken<\/h4>\n<p>\u00a0<\/p>\n<p>Nous traitons ces donn\u00e9es \u00e0 caract\u00e8re personnel afin de garantir la s\u00e9curit\u00e9 (de l\u2019information) et le bon fonctionnement de notre organisation.<\/p>\n<p>\u00a0<\/p>\n<table>\n<tbody>\n<tr>\n<td width=\"170\"><strong>Quelles donn\u00e9es \u00e0 caract\u00e8re personnel ?<\/strong><\/td>\n<td width=\"151\"><strong>Comment avons-nous obtenu ces donn\u00e9es ?<\/strong><\/td>\n<td width=\"132\"><strong>Combien de temps ?<\/strong><\/td>\n<td width=\"151\"><strong>Avec qui ces donn\u00e9es sont-elles partag\u00e9es ?<\/strong><\/td>\n<\/tr>\n<tr>\n<td width=\"170\">Donn\u00e9es d\u2019identification, coordonn\u00e9es et donn\u00e9es concernant la question, les informations ou la commande<\/td>\n<td width=\"151\">Directement de la (des) personne(s) concern\u00e9e(s) OU indirectement d\u2019une ou de plusieurs autre(s) personne(s)<\/td>\n<td width=\"132\">3 ans apr\u00e8s le dernier contact<\/td>\n<td width=\"151\">Des sous-traitants qui s\u2019occupent de notre infrastructure ICT si leur intervention le n\u00e9cessite<\/td>\n<\/tr>\n<\/tbody>\n<\/table>\n<p>\u00a0<\/p>\n<p>Indirectement d\u2019une ou de plusieurs autre(s) personne(s)\u00a0: dans certains cas, nous recevons une demande concernant quelqu\u2019un d\u2019autre et cela signifie que nous pouvons donc disposer de donn\u00e9es \u00e0 caract\u00e8re personnel d\u2019une ou de plusieurs autre(s) personne(s).<\/p>\n<p>\u00a0<\/p>\n<h4>1.1.3. Uitoefening van de rechten van betrokkenen met betrekking tot de verwerking door Umbrella Corp<\/h4>\n<p>Nous traitons ces donn\u00e9es \u00e0 caract\u00e8re personnel car nous en avons besoin pour exercer nos t\u00e2ches qui sont d\u00e9finies l\u00e9galement<\/p>\n<p>\u00a0<\/p>\n<table>\n<tbody>\n<tr>\n<td width=\"170\"><strong>Quelles donn\u00e9es \u00e0 caract\u00e8re personnel ?<\/strong><\/td>\n<td width=\"151\"><strong>Comment avons-nous obtenu ces donn\u00e9es ?<\/strong><\/td>\n<td width=\"132\"><strong>Combien de temps ?<\/strong><\/td>\n<td width=\"151\"><strong>Avec qui ces donn\u00e9es sont-elles partag\u00e9es ?<\/strong><\/td>\n<\/tr>\n<tr>\n<td width=\"170\">Donn\u00e9es d\u2019identification, coordonn\u00e9es et donn\u00e9es concernant la question, les informations ou la commande<\/td>\n<td width=\"151\">Directement de la personne concern\u00e9e<\/td>\n<td width=\"132\">1 an apr\u00e8s la cl\u00f4ture du dossier<\/td>\n<td width=\"151\">Des sous-traitants qui s\u2019occupent de notre infrastructure ICT si leur intervention le n\u00e9cessite<\/td>\n<\/tr>\n<\/tbody>\n<\/table>\n<p>\u00a0<\/p>\n<h2>1.2. Organisatiemanagement<\/h2>\n<p>\u00a0<\/p>\n<h4>1.2.1. Website<\/h4>\n<p>\u00a0<\/p>\n<p>Lorsque vous visitez notre site Internet, nous traitons certaines donn\u00e9es \u00e0 caract\u00e8re personnel telles que des adresses IP et des cookies afin de garantir le bon fonctionnement et la s\u00e9curit\u00e9 de notre site Internet.<\/p>\n<p>Le traitement des donn\u00e9es \u00e0 caract\u00e8re personnel obtenues de cette mani\u00e8re se fonde sur l\u2019int\u00e9r\u00eat l\u00e9gitime en ce qui concerne la s\u00e9curit\u00e9 et le bon fonctionnement de notre site Internet et sur votre consentement en ce qui concerne l\u2019analyse de l\u2019utilisation de notre site Internet. Sauf pour les cookies n\u00e9cessaires, nous demandons toujours votre consentement. Vous trouverez ci-dessous le relev\u00e9 des cookies utilis\u00e9s sur notre site Internet.<\/p>\n<p>\u00a0<\/p>\n<p><strong>Les cookies<\/strong><\/p>\n<p>Un cookie est un petit fichier texte qui peut \u00eatre conserv\u00e9 sur votre ordinateur lorsque vous visitez des sites Internet. Des informations sont enregistr\u00e9es dans un fichier texte, comme par exemple votre choix de langue pour un site Internet. Lorsque vous visitez \u00e0 nouveau le site Internet ult\u00e9rieurement, ce cookie est renvoy\u00e9 au site en question. De cette mani\u00e8re, le site Internet reconna\u00eet votre navigateur et peut par exemple retenir votre choix de langue.<\/p>\n<p>Les cookies ont g\u00e9n\u00e9ralement aussi une date d\u2019expiration. Certains cookies sont par exemple automatiquement supprim\u00e9s lorsque vous fermez votre navigateur (ce que l\u2019on appelle les cookies de session), tandis que d\u2019autres restent plus longtemps sur votre ordinateur, parfois m\u00eame jusqu\u2019\u00e0 ce que vous les supprimiez manuellement (ce que l\u2019on appelle les cookies permanents).<\/p>\n<p>\u00a0<\/p>\n<p><strong>Pourquoi utilisons-nous des cookies\u00a0?<\/strong><\/p>\n<p>Umbrella Corp, gestionnaire de ce site Internet, utilise sur umbrella.be\u00a0trois types de cookies :<\/p>\n<ul>\n<li>des cookies essentiels ;<\/li>\n<li>des cookies fonctionnels ;<\/li>\n<li>des cookies analytiques.<\/li>\n<\/ul>\n<p>\u00a0<\/p>\n<p>Pour g\u00e9rer le contenu de son site Internet, Umbrella Corp place des cookies essentiels et fonctionnels. Ces cookies sont n\u00e9cessaires au bon fonctionnement du pr\u00e9sent site Internet. Il n\u2019est pas possible de refuser ces cookies si vous voulez visiter notre site Internet.<\/p>\n<p>\u00a0<\/p>\n<p>Umbrella Corp utilise par ailleurs \u00e9galement \u00ab\u00a0Google Analytics\u00a0\u00bb et \u00ab\u00a0JetPack\u00a0\u00bb pour des finalit\u00e9s analytiques. Cet outil d\u2019analyse installe des cookies que nous utilisons pour quantifier les visites (le trafic) sur le site Internet. Cela nous permet notamment de savoir combien de fois une page d\u00e9termin\u00e9e a \u00e9t\u00e9 lue. Nous utilisons ces informations uniquement pour am\u00e9liorer le contenu de notre site Internet ou comme base pour une nouvelle campagne sur un certain sujet suscitant beaucoup d\u2019int\u00e9r\u00eat. L\u2019utilisation de ces cookies \u00e0 des fins d\u2019analyse est soumise \u00e0 votre consentement pr\u00e9alable. Ces cookies ne seront donc install\u00e9s sur votre appareil qu\u2019apr\u00e8s votre accord.<\/p>\n<p>\u00a0<\/p>\n<p><strong>Liste des cookies essentiels et fonctionnels<\/strong><\/p>\n<p>Vous pouvez refuser les cookies ci-dessous si\u00a0vous d\u00e9sirez naviguer sur notre site Internet.<\/p>\n<p>\u00a0<\/p>\n<table width=\"604\">\n<tbody>\n<tr>\n<td width=\"226\"><strong>Nom<\/strong><\/td>\n<td width=\"104\"><strong>Ech\u00e9ance<\/strong><\/td>\n<td width=\"274\"><strong>Objectif<\/strong><\/td>\n<\/tr>\n<tr>\n<td width=\"226\">wp-settings-time-#<br\/>wp-settings-#<\/td>\n<td width=\"104\">12 mois<\/td>\n<td width=\"274\">WordPress. Personnalise votre interface admin de WordPress ainsi que l\u2019interface de tout le site.<\/td>\n<\/tr>\n<tr>\n<td width=\"226\">wordpress_test_cookie<\/td>\n<td width=\"104\">Session<\/td>\n<td width=\"274\">WordPress. V\u00e9rifie si les cookies peuvent \u00eatre install\u00e9s.<\/td>\n<\/tr>\n<tr>\n<td width=\"226\">wordpress_logged_in_#<\/td>\n<td width=\"104\">Session<\/td>\n<td width=\"274\">WordPress. Une fois connect\u00e9, WordPress installe ce cookie qui permet d\u2019indiquer que vous \u00eates connect\u00e9 et qui vous \u00eates.<\/td>\n<\/tr>\n<\/tbody>\n<\/table>\n<p>\u00a0<\/p>\n<p>\u00a0<\/p>\n<p><strong>Liste des cookies analytiques<\/strong><\/p>\n<p>Vous pouvez refuser les cookies ci-dessous si\u00a0vous d\u00e9sirez naviguer sur notre site Internet.<\/p>\n<p>\u00a0<\/p>\n<table width=\"604\">\n<tbody>\n<tr>\n<td width=\"226\"><strong>Nom<\/strong><\/td>\n<td width=\"104\"><strong>Ech\u00e9ance<\/strong><\/td>\n<td width=\"274\"><strong>Objectif<\/strong><\/td>\n<\/tr>\n<tr>\n<td width=\"226\">ga<\/td>\n<td width=\"104\">13 mois<\/td>\n<td width=\"274\">Google Analytics. Distinguer les utilisateurs uniques en attribuant un num\u00e9ro g\u00e9n\u00e9r\u00e9 al\u00e9atoirement en tant qu\u2019identifiant client<\/td>\n<\/tr>\n<tr>\n<td width=\"226\">_gat<\/td>\n<td width=\"104\">\n<p>1 minute<\/p>\n<p>\u00a0<\/p>\n<p>\u00a0<\/p>\n<\/td>\n<td width=\"274\">Google Analytics. R\u00e9duire le nombre de demandes<\/td>\n<\/tr>\n<tr>\n<td width=\"226\">_gid<\/td>\n<td width=\"104\">24 heures<\/td>\n<td width=\"274\">Google Analytics. Stocker et mettre \u00e0 jour une valeur unique pour chaque page visit\u00e9e<\/td>\n<\/tr>\n<\/tbody>\n<\/table>\n<p>\u00a0<\/p>\n<p><strong>Comment voir quels cookies sont install\u00e9s sur mon appareil et comment les supprimer ?<\/strong><\/p>\n<p>Si vous voulez savoir quels cookies sont install\u00e9s sur votre appareil ou si vous souhaitez les supprimer, vous pouvez utiliser un param\u00e8tre de votre navigateur. Vous trouverez davantage d\u2019explications sur la mani\u00e8re de proc\u00e9der via les liens ci-dessous.<\/p>\n<p>\u00a0<\/p>\n<table>\n<tbody>\n<tr>\n<td width=\"151\"><strong>Firefox<\/strong><\/td>\n<td width=\"151\"><strong>Chrome<\/strong><\/td>\n<td width=\"151\"><strong>Safari<\/strong><\/td>\n<td width=\"151\"><strong>Internet Explorer<\/strong><\/td>\n<\/tr>\n<tr>\n<td width=\"151\"><a href=\"https:\/\/support.mozilla.org\/fr\/kb\/cookies-informations-sites-enregistrent\">Firefox<\/a><\/td>\n<td width=\"151\"><a href=\"https:\/\/support.google.com\/chrome\/answer\/95647?hl=fr\">Chrome<\/a><\/td>\n<td width=\"151\"><a href=\"https:\/\/support.apple.com\/fr-be\/guide\/safari\/sfri11471\/mac\">Safari<\/a><\/td>\n<td width=\"151\"><a href=\"https:\/\/support.microsoft.com\/fr-fr\/topic\/supprimer-et-g%C3%A9rer-les-cookies-168dab11-0753-043d-7c16-ede5947fc64d\">Internet Explorer<\/a><\/td>\n<\/tr>\n<tr>\n<td width=\"151\">Firefox (mobile)<\/td>\n<td width=\"151\"><a href=\"https:\/\/support.google.com\/chrome\/answer\/95647?hl=fr&amp;co=GENIE.Platform%3DAndroid&amp;oco=1\">Chrome (mobile)<\/a><\/td>\n<td width=\"151\"><a href=\"https:\/\/support.apple.com\/fr-be\/HT201265\">Safari (mobile)<\/a><\/td>\n<td width=\"151\"><a href=\"https:\/\/support.microsoft.com\/fr-fr\/microsoft-edge\/supprimer-les-cookies-dans-microsoft-edge-63947406-40ac-c3b8-57b9-2a946a29ae09\">Microsoft Edge<\/a><\/td>\n<\/tr>\n<\/tbody>\n<\/table>\n<p>\u00a0<\/p>\n<p>Vous utilisez un autre navigateur ? V\u00e9rifiez si la proc\u00e9dure pour votre navigateur est reprise sur le site Internet\u00a0<a href=\"http:\/\/www.allaboutcookies.org\/manage-cookies\">www.allaboutcookies.org\/manage-cookies<\/a>. Ce site est uniquement disponible en anglais.<\/p>\n<p>\u00a0<\/p>\n<h4>1.2.2. Externe links<\/h4>\n<p>\u00a0<\/p>\n<p>Le site Internet de Umbrella Corp mentionne des liens externes pour documenter certaines informations. L\u2019activation de ces liens rel\u00e8ve de la responsabilit\u00e9 de l\u2019utilisateur. Nous conseillons cependant de consulter la d\u00e9claration de confidentialit\u00e9 ainsi que la politique en mati\u00e8re des cookies du site concern\u00e9.<\/p>\n<p>\u00a0<\/p>\n<h4>1.2.3. Nieuwsbrief<\/h4>\n<p>Nous traitons ces donn\u00e9es \u00e0 caract\u00e8re personnel afin de garantir la s\u00e9curit\u00e9 (de l\u2019information) et le bon fonctionnement de notre organisation.<\/p>\n<p>\u00a0<\/p>\n<table>\n<tbody>\n<tr>\n<td width=\"170\"><strong>Quelles donn\u00e9es \u00e0 caract\u00e8re personnel ?<\/strong><\/td>\n<td width=\"151\"><strong>Comment avons-nous obtenu ces donn\u00e9es ?<\/strong><\/td>\n<td width=\"132\"><strong>Combien de temps ?<\/strong><\/td>\n<td width=\"151\"><strong>Avec qui ces donn\u00e9es sont-elles partag\u00e9es ?<\/strong><\/td>\n<\/tr>\n<tr>\n<td width=\"170\">\n<p>Donn\u00e9es d\u2019identification et coordonn\u00e9es<\/p>\n<p>\u00a0<\/p>\n<p>\u00a0<\/p>\n<\/td>\n<td width=\"151\">Directement de la personne concern\u00e9e<\/td>\n<td width=\"132\">\n<p>Jusqu\u2019au retrait du consentement<\/p>\n<p>\u00a0<\/p>\n<p>\u00a0<\/p>\n<\/td>\n<td width=\"151\">Des sous-traitants qui s\u2019occupent de notre infrastructure ICT si leur intervention le n\u00e9cessite<\/td>\n<\/tr>\n<\/tbody>\n<\/table>\n<p>\u00a0<\/p>\n<p>Pour autant que vous ayez marqu\u00e9 votre consentement explicite pr\u00e9alable, nous sommes autoris\u00e9s \u00e0 vous envoyer des newsletters par e-mail. Cependant, au cas o\u00f9 vous ne souhaiteriez plus recevoir nos newsletters, vous conservez \u00e0 tout moment la possibilit\u00e9 de vous d\u00e9sinscrire de celles-ci via l\u2019option de d\u00e9sabonnement qui y est reprise.<\/p>\n<p>\u00a0<\/p>\n<h2>2. Uw rechten en hoe u deze kunt uitoefenen<\/h2>\n<p>\u00a0<\/p>\n<p>Si vous avez une plainte, une question ou un probl\u00e8me concernant la mani\u00e8re dont nous utilisons vos donn\u00e9es \u00e0 caract\u00e8re personnel, contactez-nous.<\/p>\n<p>\u00a0<\/p>\n<p>Umbrella Corp<br\/>Rue du paradis 69, 5100 jambes<\/p>\n<p>[EMAIL]<\/p>\n<p>Si vous nous contactez afin d\u2019exercer vos droits, nous vous r\u00e9pondrons dans un d\u00e9lai d\u20191 mois. Exceptionnellement, ce d\u00e9lai peut \u00eatre allong\u00e9 (jusqu\u2019\u00e0 maximum 3 mois), mais nous vous en donnons alors la raison dans un d\u00e9lai d\u20191 mois. Le fait de pouvoir ou non exercer vos droits d\u00e9pend du traitement et de la base juridique.<\/p>\n<p>\u00a0<\/p>\n<p>Veillez \u00e0 toujours formuler clairement quel droit vous souhaitez exercer et la mani\u00e8re dont vous souhaitez recevoir les informations (par ex. par e-mail, par la poste, verbalement, \u2026). Tenez compte du fait que dans certains cas, nous avons besoin d\u2019informations compl\u00e9mentaires. Nous voulons nous assurer que nous aidons la bonne personne.<\/p>\n<p>\u00a0<\/p>\n<h3>2.1. Recht op toegang<\/h3>\n<p>Vous avez le droit de nous interroger sur les donn\u00e9es \u00e0 caract\u00e8re personnel dont nous disposons \u00e0 votre sujet. Nous pouvons vous en fournir une copie gratuitement, mais ce n\u2019est pas possible pour tous les documents. Nous entendons en effet aussi respecter les droits et libert\u00e9s d\u2019autrui.<\/p>\n<p>\u00a0<\/p>\n<h3>2.2. Recht op correctie<\/h3>\n<p>Vous pensez que vos donn\u00e9es ne sont pas exactes ou actuelles ? Vous avez le droit de nous demander de les corriger.<\/p>\n<p>\u00a0<\/p>\n<h3>2.3. Recht op bezwaar<\/h3>\n<p>Vous avez le droit de nous demander d\u2019arr\u00eater de traiter vos donn\u00e9es \u00e0 caract\u00e8re personnel.<\/p>\n<p>\u00a0<\/p>\n<h3>2.4. Recht op beperking van de verwerking<\/h3>\n<p>Vous pouvez nous demander de limiter le traitement de vos donn\u00e9es \u00e0 caract\u00e8re personnel, par exemple lorsque nous v\u00e9rifions l\u2019exactitude de vos donn\u00e9es \u00e0 caract\u00e8re personnel.<\/p>\n<p>\u00a0<\/p>\n<h3>2.5. Recht om vergeten of verwijderd te worden<\/h3>\n<p>Vous avez le droit de nous demander de supprimer vos donn\u00e9es \u00e0 caract\u00e8re personnel. Si nous sommes l\u00e9galement oblig\u00e9s de conserver certaines donn\u00e9es \u00e0 caract\u00e8re personnel, nous ne pouvons toutefois pas satisfaire \u00e0 cette demande.<\/p>\n<p>\u00a0<\/p>\n<h3>2.6. Recht om uw toestemming in te trekken<\/h3>\n<p>En cas de traitements de donn\u00e9es \u00e0 caract\u00e8re personnel bas\u00e9s sur votre consentement, ce consentement peut \u00eatre retir\u00e9.<\/p>\n<p>\u00a0<\/p>\n<h3>2.7. Recht om een klacht in te dienen bij de toezichthoudende autoriteit<\/h3>\n<p>Si vous consid\u00e9rez qu\u2019un traitement de donn\u00e9es \u00e0 caract\u00e8re personnel vous concernant constitue une violation du r\u00e8glement europ\u00e9en sur la protection des donn\u00e9es personnelles, vous \u00eates en droit d\u2019introduire une r\u00e9clamation aupr\u00e8s d\u2019une autorit\u00e9 de contr\u00f4le.<\/p>\n<p>\u00a0<\/p>\n<p>Autorit\u00e9 de protection des donn\u00e9es<\/p>\n<p>Rue de la Presse, 35<\/p>\n<p>1000 Bruxelles<\/p>\n<p>\u00a0<\/p>\n<h2>3. Toepassingsgebied van het vertrouwelijkheidshandvest<\/h2>\n<p>\u00a0<\/p>\n<p>Sauf indication contraire, la pr\u00e9sente charte de confidentialit\u00e9 a vocation \u00e0 s\u2019appliquer \u00e0 l\u2019ensemble des site web, applications, outils, etc. de Umbrella Corp ainsi qu\u2019\u00e0 tous les services que nous offrons et pour lesquels il y est explicitement fait r\u00e9f\u00e9rence.<\/p>\n<p>\u00a0<\/p>\n<p>Nous attirons votre attention sur le fait que notre charte de confidentialit\u00e9 peut \u00eatre amen\u00e9e \u00e0 \u00e9voluer au cours du temps. Toute modification est alors directement applicable d\u00e8s sa publication. Pour cette raison, nous vous invitons \u00e0 la consulter r\u00e9guli\u00e8rement.<\/p>\n<p>\u00a0<\/p>\n<p>Except\u00e9 les cas o\u00f9 la loi l\u2019exige ou les cas dans lesquels la communication de vos donn\u00e9es est n\u00e9cessaire pour traiter votre demande ou poursuivre nos missions telles que d\u00e9crites au point 3 (communication \u00e0 des administrations publiques, communication \u00e0 nos sous-traitants, etc.), nous ne divulguons aucune de vos donn\u00e9es personnelles \u00e0 des tiers sans l\u2019obtention de votre consentement pr\u00e9alable. Par ailleurs, lorsque nous communiquons vos donn\u00e9es \u00e0 d\u2019autres entit\u00e9s, nous veillons toujours \u00e0 ne divulguer que les donn\u00e9es personnelles qui sont strictement n\u00e9cessaires \u00e0 la r\u00e9alisation de la finalit\u00e9 du traitement qui vous concerne.<\/p>\n<\/div>\n<p><\/p><\/p>\n<p>[\/et_pb_text][\/et_pb_column][\/et_pb_row][\/et_pb_section]<\/p>\n","protected":false},"excerpt":{"rendered":"<p>Privacybeleid Verklaring gegevensbescherming \u00a0 1. Waarom verwerken wij uw persoonlijke gegevens? \u00a0 1.1. Verspreiding en verzameling van informatie en verwerking van dossiers \u00a0 1.1.1 Vragen beantwoorden via het contactformulier \u00a0 Nous traitons ces donn\u00e9es \u00e0 caract\u00e8re personnel afin de garantir la s\u00e9curit\u00e9 (de l\u2019information) et le bon fonctionnement de notre organisation. \u00a0 Quelles donn\u00e9es \u00e0 [&hellip;]<\/p>\n","protected":false},"author":1,"featured_media":0,"parent":0,"menu_order":100,"comment_status":"closed","ping_status":"open","template":"","meta":{"_et_pb_use_builder":"on","_et_pb_old_content":"","_et_gb_content_width":"","footnotes":""},"class_list":["post-1204","page","type-page","status-publish","hentry"],"yoast_head":"<!-- This site is optimized with the Yoast SEO plugin v27.5 - https:\/\/yoast.com\/product\/yoast-seo-wordpress\/ -->\n<title>Privacybeleid - Happy chien<\/title>\n<meta name=\"robots\" content=\"index, follow, max-snippet:-1, max-image-preview:large, max-video-preview:-1\" \/>\n<link rel=\"canonical\" href=\"https:\/\/happychien.fr\/nl\/privacybeleid\/\" \/>\n<meta property=\"og:locale\" content=\"nl_NL\" \/>\n<meta property=\"og:type\" content=\"article\" \/>\n<meta property=\"og:title\" content=\"Privacybeleid - Happy chien\" \/>\n<meta property=\"og:description\" content=\"Privacybeleid Verklaring gegevensbescherming \u00a0 1. Waarom verwerken wij uw persoonlijke gegevens? \u00a0 1.1. Verspreiding en verzameling van informatie en verwerking van dossiers \u00a0 1.1.1 Vragen beantwoorden via het contactformulier \u00a0 Nous traitons ces donn\u00e9es \u00e0 caract\u00e8re personnel afin de garantir la s\u00e9curit\u00e9 (de l\u2019information) et le bon fonctionnement de notre organisation. \u00a0 Quelles donn\u00e9es \u00e0 [&hellip;]\" \/>\n<meta property=\"og:url\" content=\"https:\/\/happychien.fr\/nl\/privacybeleid\/\" \/>\n<meta property=\"og:site_name\" content=\"Happy chien\" \/>\n<meta property=\"article:modified_time\" content=\"2025-07-23T07:18:27+00:00\" \/>\n<meta name=\"twitter:card\" content=\"summary_large_image\" \/>\n<meta name=\"twitter:label1\" content=\"Est. reading time\" \/>\n\t<meta name=\"twitter:data1\" content=\"10 minutes\" \/>\n<script type=\"application\/ld+json\" class=\"yoast-schema-graph\">{\"@context\":\"https:\\\/\\\/schema.org\",\"@graph\":[{\"@type\":\"WebPage\",\"@id\":\"https:\\\/\\\/happychien.fr\\\/nl\\\/privacybeleid\\\/\",\"url\":\"https:\\\/\\\/happychien.fr\\\/nl\\\/privacybeleid\\\/\",\"name\":\"Privacybeleid - Happy chien\",\"isPartOf\":{\"@id\":\"https:\\\/\\\/happychien.fr\\\/nl\\\/#website\"},\"datePublished\":\"2022-09-26T15:19:54+00:00\",\"dateModified\":\"2025-07-23T07:18:27+00:00\",\"breadcrumb\":{\"@id\":\"https:\\\/\\\/happychien.fr\\\/nl\\\/privacybeleid\\\/#breadcrumb\"},\"inLanguage\":\"nl-be\",\"potentialAction\":[{\"@type\":\"ReadAction\",\"target\":[\"https:\\\/\\\/happychien.fr\\\/nl\\\/privacybeleid\\\/\"]}]},{\"@type\":\"BreadcrumbList\",\"@id\":\"https:\\\/\\\/happychien.fr\\\/nl\\\/privacybeleid\\\/#breadcrumb\",\"itemListElement\":[{\"@type\":\"ListItem\",\"position\":1,\"name\":\"Home\",\"item\":\"https:\\\/\\\/happychien.fr\\\/nl\\\/\"},{\"@type\":\"ListItem\",\"position\":2,\"name\":\"Privacybeleid\"}]},{\"@type\":\"WebSite\",\"@id\":\"https:\\\/\\\/happychien.fr\\\/nl\\\/#website\",\"url\":\"https:\\\/\\\/happychien.fr\\\/nl\\\/\",\"name\":\"Happy chien\",\"description\":\"Rendez votre fid\u00e8le compagnon heureux\",\"potentialAction\":[{\"@type\":\"SearchAction\",\"target\":{\"@type\":\"EntryPoint\",\"urlTemplate\":\"https:\\\/\\\/happychien.fr\\\/nl\\\/?s={search_term_string}\"},\"query-input\":{\"@type\":\"PropertyValueSpecification\",\"valueRequired\":true,\"valueName\":\"search_term_string\"}}],\"inLanguage\":\"nl-be\"}]}<\/script>\n<!-- \/ Yoast SEO plugin. -->","yoast_head_json":{"title":"Privacybeleid - Happy chien","robots":{"index":"index","follow":"follow","max-snippet":"max-snippet:-1","max-image-preview":"max-image-preview:large","max-video-preview":"max-video-preview:-1"},"canonical":"https:\/\/happychien.fr\/nl\/privacybeleid\/","og_locale":"nl_NL","og_type":"article","og_title":"Privacybeleid - Happy chien","og_description":"Privacybeleid Verklaring gegevensbescherming \u00a0 1. Waarom verwerken wij uw persoonlijke gegevens? \u00a0 1.1. Verspreiding en verzameling van informatie en verwerking van dossiers \u00a0 1.1.1 Vragen beantwoorden via het contactformulier \u00a0 Nous traitons ces donn\u00e9es \u00e0 caract\u00e8re personnel afin de garantir la s\u00e9curit\u00e9 (de l\u2019information) et le bon fonctionnement de notre organisation. \u00a0 Quelles donn\u00e9es \u00e0 [&hellip;]","og_url":"https:\/\/happychien.fr\/nl\/privacybeleid\/","og_site_name":"Happy chien","article_modified_time":"2025-07-23T07:18:27+00:00","twitter_card":"summary_large_image","twitter_misc":{"Est. reading time":"10 minutes"},"schema":{"@context":"https:\/\/schema.org","@graph":[{"@type":"WebPage","@id":"https:\/\/happychien.fr\/nl\/privacybeleid\/","url":"https:\/\/happychien.fr\/nl\/privacybeleid\/","name":"Privacybeleid - Happy chien","isPartOf":{"@id":"https:\/\/happychien.fr\/nl\/#website"},"datePublished":"2022-09-26T15:19:54+00:00","dateModified":"2025-07-23T07:18:27+00:00","breadcrumb":{"@id":"https:\/\/happychien.fr\/nl\/privacybeleid\/#breadcrumb"},"inLanguage":"nl-be","potentialAction":[{"@type":"ReadAction","target":["https:\/\/happychien.fr\/nl\/privacybeleid\/"]}]},{"@type":"BreadcrumbList","@id":"https:\/\/happychien.fr\/nl\/privacybeleid\/#breadcrumb","itemListElement":[{"@type":"ListItem","position":1,"name":"Home","item":"https:\/\/happychien.fr\/nl\/"},{"@type":"ListItem","position":2,"name":"Privacybeleid"}]},{"@type":"WebSite","@id":"https:\/\/happychien.fr\/nl\/#website","url":"https:\/\/happychien.fr\/nl\/","name":"Happy chien","description":"Rendez votre fid\u00e8le compagnon heureux","potentialAction":[{"@type":"SearchAction","target":{"@type":"EntryPoint","urlTemplate":"https:\/\/happychien.fr\/nl\/?s={search_term_string}"},"query-input":{"@type":"PropertyValueSpecification","valueRequired":true,"valueName":"search_term_string"}}],"inLanguage":"nl-be"}]}},"_links":{"self":[{"href":"https:\/\/happychien.fr\/nl\/wp-json\/wp\/v2\/pages\/1204","targetHints":{"allow":["GET"]}}],"collection":[{"href":"https:\/\/happychien.fr\/nl\/wp-json\/wp\/v2\/pages"}],"about":[{"href":"https:\/\/happychien.fr\/nl\/wp-json\/wp\/v2\/types\/page"}],"author":[{"embeddable":true,"href":"https:\/\/happychien.fr\/nl\/wp-json\/wp\/v2\/users\/1"}],"replies":[{"embeddable":true,"href":"https:\/\/happychien.fr\/nl\/wp-json\/wp\/v2\/comments?post=1204"}],"version-history":[{"count":1,"href":"https:\/\/happychien.fr\/nl\/wp-json\/wp\/v2\/pages\/1204\/revisions"}],"predecessor-version":[{"id":1205,"href":"https:\/\/happychien.fr\/nl\/wp-json\/wp\/v2\/pages\/1204\/revisions\/1205"}],"wp:attachment":[{"href":"https:\/\/happychien.fr\/nl\/wp-json\/wp\/v2\/media?parent=1204"}],"curies":[{"name":"wp","href":"https:\/\/api.w.org\/{rel}","templated":true}]}}